{"id":10,"date":"2016-02-23T16:27:04","date_gmt":"2016-02-23T16:27:04","guid":{"rendered":"http:\/\/mozartgemeinde.de\/wordpress_6\/?page_id=10"},"modified":"2016-12-12T22:07:25","modified_gmt":"2016-12-12T21:07:25","slug":"uber-uns","status":"publish","type":"page","link":"https:\/\/www.mozartgemeinde.de\/?page_id=10","title":{"rendered":"Satzung"},"content":{"rendered":"<p style=\"text-align: center;\"><strong>S a t z u n g<\/strong><br \/>\nder \u201eMozart-Gemeinde Regensburg e.V.\u201c<br \/>\nNeufassung vom 10.11.2015<\/p>\n<p style=\"text-align: center;\"><strong>\u00a7 1<\/strong><br \/>\n<strong>Name und Sitz<\/strong><\/p>\n<p>(1) Der Verein f\u00fchrt den Namen \u201eMozart-Gemeinde Regensburg e.V.\u201c und hat seinen Sitz in Regensburg.<br \/>\n(2) Der Verein ist in das Vereinsregister des Amtsgerichts Regensburg eingetragen.<\/p>\n<p style=\"text-align: center;\"><strong>\u00a7 2<\/strong><br \/>\n<strong>Vereinszweck<\/strong><\/p>\n<p>(1) Der Verein verfolgt ausschlie\u00dflich gemeinn\u00fctzige Zwecke im Sinne der \u201eGemeinn\u00fctzigkeits-Verordnung\u201c.<br \/>\n(2) Etwaige \u00dcbersch\u00fcsse d\u00fcrfen nur f\u00fcr die satzungsgem\u00e4\u00dfen Zwecke verwendet werden. Die Mitglieder erhal-ten keine Gewinnanteile und in ihrer Eigenschaft als Mitglieder auch keine sonstigen Zuwendungen aus Mitteln des Vereins.<br \/>\n(3) Ausgeschiedene Mitglieder haben keinen Anspruch auf das Vereinsverm\u00f6gen.<br \/>\n(4) Keine Person darf durch Verwaltungsausgaben, die den Zwecken des Vereins fremd sind oder durch unver-h\u00e4ltnism\u00e4\u00dfig hohe Verg\u00fctungen beg\u00fcnstigt werden.<br \/>\n(5) Ziel der \u201eMozart-Gemeinde Regensburg e.V.\u201c ist vor allem die Musikpflege im Geiste Mozarts und die finan-zielle Mithilfe bei der Pflege und Instandhaltung der Mozart-Gedenkst\u00e4tten, sowie bei der Herausgabe des Ge-samtwerkes von Wolfgang Amadeus Mozart durch die \u201eInternationale Stiftung Mozarteum\u201c in Salzburg.<br \/>\n(6) Die \u201eMozart-Gemeinde Regensburg e.V.\u201c kann nach eigenem Ermessen im Rahmen ihrer finanziellen M\u00f6g-lichkeiten Aktivit\u00e4ten des \u201eTheaters Regensburg\u201c, sowie \u00f6rtlicher Musik- und \/ oder Chorvereinigungen sowie einzelner K\u00fcnstler in Regensburg und der Oberpfalz unterst\u00fctzen.<br \/>\n(7) Die \u201eMozart-Gemeinde Regensburg e.V.\u201c will auch die Verbindung mit anderen Mozart-Gemeinden pflegen, nicht nur in der Bundesrepublik Deutschland, sondern auch \u00fcber ihre Grenzen hinaus.<\/p>\n<p style=\"text-align: center;\"><strong>\u00a7 3<\/strong><br \/>\n<strong>Vereinsjahr<\/strong><\/p>\n<p>Vereinsjahr ist das Kalenderjahr.<\/p>\n<p style=\"text-align: center;\"><strong>\u00a7 4<\/strong><br \/>\n<strong>Mitgliedschaft<\/strong><\/p>\n<p>(1) Der Verein hat \u201eMitglieder\u201c und \u201eEhrenmitglieder\u201c.<br \/>\n(2) Zu \u201eEhrenmitgliedern\u201c kann die Mitgliederversammlung auf Vorschlag des Vorstandes Mitglieder ernennen, die sich hervorragende Verdienste um den Verein erworben haben; sie sind von der Beitragspflicht gegen\u00fcber dem Verein befreit.<\/p>\n<p>&nbsp;<\/p>\n<p style=\"text-align: center;\"><strong>\u00a7 5<\/strong><br \/>\n<strong>Mitgliederrechte<\/strong><\/p>\n<p>Die Mitglieder und Ehrenmitglieder haben Sitz und Stimme in der Mitgliederversammlung, k\u00f6nnen w\u00e4hlen und bei Vollj\u00e4hrigkeit gew\u00e4hlt werden; sie genie\u00dfen alle den Mitgliedern zustehenden Verg\u00fcnstigungen.<\/p>\n<p>&nbsp;<\/p>\n<p style=\"text-align: center;\"><strong>\u00a7 6<\/strong><br \/>\n<strong>Mitgliederpflichten<\/strong><\/p>\n<p>(1) Jedes Mitglied hat den Jahresbeitrag sp\u00e4testens bis 31.M\u00e4rz des laufenden Jahres an die Vereinskasse zu entrichten.<br \/>\n(2) Jedes Mitglied ist verpflichtet, \u00c4nderungen seiner Anschrift alsbald dem Vorstand mitzuteilen.<br \/>\n(3) W\u00e4hrend des Jahres eintretende Mitglieder haben den vollen Jahresbeitrag zu entrichten.<\/p>\n<p>&nbsp;<\/p>\n<p style=\"text-align: center;\"><strong>\u00a7 7<\/strong><br \/>\n<strong>Aufnahme<\/strong><\/p>\n<p>Wer in den Verein aufgenommen werden will hat dies schriftlich zu beantragen. \u00dcber die Aufnahme entscheidet der Vorstand.<\/p>\n<p>&nbsp;<\/p>\n<p style=\"text-align: center;\"><strong>\u00a7 8<\/strong><br \/>\n<strong>Beendigung der Mitgliedschaft<\/strong><\/p>\n<p>Die Mitgliedschaft wird beendet<br \/>\n&#8211; durch Austritt<br \/>\n&#8211; durch Tod<br \/>\n&#8211; durch Streichung<br \/>\n&#8211; durch Ausschluss.<\/p>\n<p style=\"text-align: center;\"><strong>\u00a7 9<\/strong><br \/>\n<strong>Austritt \/ Streichung \/ Ausschluss<\/strong><\/p>\n<p>(1) Der Austritt eines Mitglieds ist schriftlich dem Vereinsvorstand mitzuteilen; er wirkt zum Ende des laufenden Vereinsjahres. Der Austritt ist sp\u00e4testens sechs Monate vor Ablauf des Vereinsjahres zu erkl\u00e4ren.<br \/>\n(2) Ein Mitglied, das seine Beitr\u00e4ge trotz zweier schriftlicher Aufforderungen nicht bezahlt hat, kann durch den Vorstand gestrichen werden. Das Mitglied gilt damit zum Ende des laufenden Vereinsjahres als ausgeschieden.<br \/>\n(4) Ausschlie\u00dfungsgr\u00fcnde sind:<br \/>\n&#8211; schwere Sch\u00e4digung des Ansehens oder der Belange des Vereins<br \/>\n&#8211; gr\u00f6blicher Versto\u00df gegen die Zwecke des Vereins, gegen Beschl\u00fcsse des Vorstandes oder gegen<br \/>\nden Vereinsfrieden.<br \/>\n\u00dcber den Ausschluss entscheidet der Vorstand mit Beirat. Der Ausgeschlossene hat binnen zwei Wochen Ein-spruchsrecht zur Mitgliederversammlung, die endg\u00fcltig entscheidet.<\/p>\n<p style=\"text-align: center;\"><strong>\u00a7 10<\/strong><br \/>\n<strong>Vereinsorgane<\/strong><\/p>\n<p>Organe des Vereins sind: &#8211; der Vorstand,<br \/>\n&#8211; der Beirat,<br \/>\n&#8211; die Mitgliederversammlung<\/p>\n<p style=\"text-align: center;\"><strong>\u00a7 11<\/strong><br \/>\n<strong>Der Vorstand<\/strong><\/p>\n<p>(1) Der Vorstand besteht aus: &#8211; dem 1. Vorsitzenden<br \/>\n&#8211; dem 2. Vorsitzenden<br \/>\n&#8211; dem Schatzmeister.<br \/>\n(2) Die Mitglieder des Vorstands werden jeweils f\u00fcr drei Jahre gew\u00e4hlt; sie bleiben solange im Amt, bis ein neuer Vorstand gew\u00e4hlt ist.<br \/>\n(3) Die Art der Wahl bestimmt die Mitgliederversammlung.<br \/>\n(4) Wiederwahl ist zul\u00e4ssig.<br \/>\n(5) Die Mitglieder des Vorstands \u00fcben ihre T\u00e4tigkeit ehrenamtlich aus.<br \/>\n(6) Der Vorstand ist einzuberufen, sofern die Gesch\u00e4fte es erfordern.<br \/>\n(7) Zur Beschlussfassung gen\u00fcgt einfache Mehrheit.<\/p>\n<p style=\"text-align: center;\"><strong>\u00a7 12<\/strong><br \/>\n<strong>Vertretung<\/strong><\/p>\n<p>(1) Der Verein wird gerichtlich und au\u00dfergerichtlich durch den 1.Vorsitzenden, den 2.Vor-sitzenden und den Schatzmeister vertreten (Vorstand im Sinne des \u00a7 26 BGB). Jeder ist einzelvertretungsberechtigt. Im Innenver-h\u00e4ltnis wird vereinbart, dass der 2.Vorsitzende nur bei Verhinderung des 1.Vorsitzenden und der Schatzmeister nur bei Verhinderung des 1. und 2.Vorsitzenden vertritt.<br \/>\n(2) Bei Rechtsgesch\u00e4ften \u00fcber einen Verm\u00f6genswert von mehr als 500,&#8211; \u20ac (in Worten: f\u00fcnfhundert Euro) m\u00fcs-sen einer der beiden Vorsitzenden und der Schatzmeister mitwirken.<\/p>\n<p style=\"text-align: center;\"><strong>\u00a7 13<\/strong><br \/>\n<strong>Aufgaben des Vorstandes<\/strong><\/p>\n<p>Der Vorstand stellt die Tagesordnung f\u00fcr alle Versammlungen des Vereins fest, vollzieht ihre Beschl\u00fcsse und entscheidet in allen Angelegenheiten, die nicht der Mitgliederversammlung vorbehalten sind.<\/p>\n<p style=\"text-align: center;\"><strong>\u00a7 14<\/strong><br \/>\n<strong>Der Beirat<\/strong><\/p>\n<p>(1) Der Beirat besteht aus mindestens zwei Mitgliedern. Dazu geh\u00f6rt der Schriftf\u00fchrer und der Mitgliederwart.<br \/>\n(2) Der Beirat wird auf die Dauer von drei Jahren von der Mitgliederversammlung gew\u00e4hlt, gerechnet vom Tage der Wahl an. Er bleibt bis zur Neuwahl des Beirates im Amt.<br \/>\n(3) Der Beirat hat die Aufgabe, den Vorstand in allen Vereinsangelegenheiten zu beraten.<br \/>\n(4) Der Beirat wird vom 1. Vorsitzenden bzw. vom 2. Vorsitzenden einberufen. Er muss einberufen werden, wenn mindestens ein Vorstands- und ein Beiratsmitglied die Einberufung vom Vorstand schriftlich verlangen.<\/p>\n<p>&nbsp;<\/p>\n<p style=\"text-align: center;\"><strong>\u00a7 15<\/strong><br \/>\n<strong>Mitgliederversammlung<\/strong><\/p>\n<p>(1) Der Vorstand beruft allj\u00e4hrlich eine ordentliche Mitgliederversammlung ein, zu der die Mitglieder sp\u00e4testens zwei Wochen vorher schriftlich eingeladen werden m\u00fcssen. Die Frist beginnt mit dem Tage der Absendung der Einladung. Die Tagesordnung ist hierbei mitzuteilen. Antr\u00e4ge zur ordentlichen Mitgliederversammlung sind sp\u00e4-testens eine Woche vorher schriftlich dem Vorstand einzureichen.<br \/>\n(2) Nach den gleichen Bestimmungen kann der Vorstand eine au\u00dferordentliche Mitgliederver-sammlung einbe-rufen. Sie muss einberufen werden, wenn dies mindestens ein Viertel der Mit-glieder schriftlich unter Angabe des Grundes verlangt.<\/p>\n<p style=\"text-align: center;\"><strong>\u00a7 16<\/strong><br \/>\n<strong>Aufgaben der Mitgliederversammlung<\/strong><\/p>\n<p>(1) Der Mitgliederversammlung ist vorbehalten:<br \/>\na) den Gesch\u00e4ftsbericht des Vorstandes und die Jahresabrechnung entgegenzunehmen<br \/>\nb) den Vorstand zu entlasten<br \/>\nc) den Haushaltsvoranschlag zu genehmigen<br \/>\nd) den Mitgliederbeitrag festzusetzen<br \/>\ne) den Vorstand und den Beirat zu w\u00e4hlen<br \/>\nf) die Satzung zu \u00e4ndern<br \/>\ng) den Verein aufzul\u00f6sen.<br \/>\n(2) Ein Beschluss ist mit einfacher Mehrheit der erschienenen Mitglieder zu fassen; Stimment-haltungen z\u00e4hlen bei der Ermittlung des Abstimmungsergebnisses nicht mit.<br \/>\n(3) Satzungs\u00e4nderungen bed\u00fcrfen einer Mehrheit von zwei Dritteln der erschienenen stimm- berechtigten Mitglieder.<\/p>\n<p style=\"text-align: center;\"><strong>\u00a7 17<\/strong><br \/>\n<strong>Gesch\u00e4ftsordnung<\/strong><\/p>\n<p>Der 1. oder der 2. Vorsitzende leitet die Mitgliederversammlung. Es ist eine Niederschrift aufzu-zunehmen, die die Beschl\u00fcsse w\u00f6rtlich enthalten muss. Sie ist vom Versammlungsleiter und von einem zu w\u00e4hlenden Mitglied zu unterzeichnen.<\/p>\n<p style=\"text-align: center;\"><strong>\u00a7 18<\/strong><br \/>\n<strong>Rechnungspr\u00fcfung<\/strong><\/p>\n<p>Die Mitgliederversammlung w\u00e4hlt jeweils auf die Dauer von drei Jahren mindestens einen Rechnungspr\u00fcfer. Wiederwahl ist zul\u00e4ssig. Er\/sie hat\/haben die Kassengesch\u00e4fte laufend zu \u00fcberwachen und der Mitgliederver-sammlung zu berichten.<\/p>\n<p style=\"text-align: center;\"><strong>\u00a7 19<\/strong><br \/>\n<strong>Aufl\u00f6sung des Vereins<\/strong><\/p>\n<p>(1) \u00dcber die Aufl\u00f6sung des Vereins beschlie\u00dft die Mitgliederversammlung mit einer Mehrheit von drei Vierteln der abgegebenen Stimmen der erschienenen Mitglieder.<br \/>\n(2) Sind weniger als ein Drittel der Mitglieder erschienen, so kann die Aufl\u00f6sung von einer innerhalb einer Wo-che einberufenen zweiten Mitgliederversammlung beschlossen werden, die ohne R\u00fccksicht auf die Zahl der Er-schienenen beschlussf\u00e4hig ist.<br \/>\n(3) Die Mitgliederversammlung, die die Aufl\u00f6sung beschlie\u00dft, verf\u00fcgt gleichzeitig \u00fcber das Ver- m\u00f6gen des Ver-eins.<br \/>\n(4) Das Verm\u00f6gen des Vereins soll einer f\u00f6rderungsw\u00fcrdigen Institution im Sinne des \u00a7 2 Absatz 5 bis 7 zugute kommen. Kommt dar\u00fcber keine analog Absatz 1 oder 2 erforderliche Mehrheit zustande, so f\u00e4llt das Verm\u00f6gen ungeachtet des Abstimmungsergebnisses an die \u201eInternationale Stiftung Mozarteum\u201c in Salzburg.<\/p>\n<p style=\"text-align: center;\"><strong>\u00a7 20<\/strong><br \/>\n<strong>Schlussbestimmungen<\/strong><\/p>\n<p>Die Satzung in der vorliegenden Fassung wurde beschlossen in der Mitgliederversammlung vom 10. November 2015 und tritt an die Stelle der Satzung vom 9. Juni 1975 (ge\u00e4ndert durch Beschluss vom 26.5.1976 und vom 17.5.1977.).<\/p>\n","protected":false},"excerpt":{"rendered":"<p>S a t z u n g der \u201eMozart-Gemeinde Regensburg e.V.\u201c Neufassung vom 10.11.2015 \u00a7 1 Name und Sitz (1) Der Verein f\u00fchrt den Namen \u201eMozart-Gemeinde Regensburg e.V.\u201c und hat seinen Sitz in Regensburg. (2) Der Verein ist in das Vereinsregister des Amtsgerichts Regensburg eingetragen. \u00a7 2 Vereinszweck (1) Der Verein verfolgt ausschlie\u00dflich gemeinn\u00fctzige Zwecke\u2026 <span class=\"read-more\"><a href=\"https:\/\/www.mozartgemeinde.de\/?page_id=10\">Weiterlesen &raquo;<\/a><\/span><\/p>\n","protected":false},"author":1,"featured_media":0,"parent":0,"menu_order":0,"comment_status":"closed","ping_status":"closed","template":"","meta":{"footnotes":""},"class_list":["post-10","page","type-page","status-publish","hentry"],"_links":{"self":[{"href":"https:\/\/www.mozartgemeinde.de\/index.php?rest_route=\/wp\/v2\/pages\/10","targetHints":{"allow":["GET"]}}],"collection":[{"href":"https:\/\/www.mozartgemeinde.de\/index.php?rest_route=\/wp\/v2\/pages"}],"about":[{"href":"https:\/\/www.mozartgemeinde.de\/index.php?rest_route=\/wp\/v2\/types\/page"}],"author":[{"embeddable":true,"href":"https:\/\/www.mozartgemeinde.de\/index.php?rest_route=\/wp\/v2\/users\/1"}],"replies":[{"embeddable":true,"href":"https:\/\/www.mozartgemeinde.de\/index.php?rest_route=%2Fwp%2Fv2%2Fcomments&post=10"}],"version-history":[{"count":4,"href":"https:\/\/www.mozartgemeinde.de\/index.php?rest_route=\/wp\/v2\/pages\/10\/revisions"}],"predecessor-version":[{"id":58,"href":"https:\/\/www.mozartgemeinde.de\/index.php?rest_route=\/wp\/v2\/pages\/10\/revisions\/58"}],"wp:attachment":[{"href":"https:\/\/www.mozartgemeinde.de\/index.php?rest_route=%2Fwp%2Fv2%2Fmedia&parent=10"}],"curies":[{"name":"wp","href":"https:\/\/api.w.org\/{rel}","templated":true}]}}