{"id":30,"date":"2016-02-23T17:50:35","date_gmt":"2016-02-23T16:50:35","guid":{"rendered":"http:\/\/mozartgemeinde.de\/wordpress_6\/?page_id=30"},"modified":"2018-04-19T12:17:09","modified_gmt":"2018-04-19T11:17:09","slug":"vorstand","status":"publish","type":"page","link":"https:\/\/www.mozartgemeinde.de\/?page_id=30","title":{"rendered":"Vorstand"},"content":{"rendered":"<p><u><strong>1. VORSITZENDER:<\/strong><\/u><br \/>\n<strong>Wolfgang Kraus:<\/strong><\/p>\n<p><img loading=\"lazy\" decoding=\"async\" class=\"alignnone size-medium wp-image-62\" src=\"https:\/\/www.mozartgemeinde.de\/wp-content\/uploads\/2016\/02\/Wolfgang-Kraus-2014_08-300x293.jpg\" alt=\"\" width=\"300\" height=\"293\" \/><\/p>\n<p>Ehemaliger Regensburger Domspatz, im Konzertchor unter Domkapellmeister Georg Ratzinger viele Konzertreisen im In- und Ausland. Nach dem Abitur Kirchenmusikstudium mit Abschluss Kirchenmusik-B-Diplom an der Fachakademie f\u00fcr katholische Kirchenmusik (jetzt Hochschule) in Regensburg. K\u00fcnstlerisches Aufbaustudium in Orgel an der Musikhochschule Stuttgart mit Abschluss KA-Orgel. Studium an der Universit\u00e4t Regensburg in den F\u00e4chern Musikwissenschaft, Kunstgeschichte und Romanistik. Seit 1994 Kirchenmusiker in Furth im Wald, seit 1997 Regionalkantor der Region Cham, seit 2003 Leiter des Chores und Orchesters des Collegium musicum Regensburg. Ab 2014 Dirigent des Schwandorfer Oratorienchores. Seine Orgellehrer: Eberhard Kraus, Werner Jacob und Christoph Bossert. Meisterkurse bei Daniel Roth, Marie-Claire Alain, Olivier Latry, Piet Kee und Hans Gebhard.<\/p>\n<p>Konzertauftritte unter anderem in Berlin, Breslau (Dom), London, Oxford (University College Chapel), Paris (S. Roch, S. Germain des Pr\u00e9s, Etienne du Mont, Cathedrale Americaine), Toulon, Pau, Salzburg, Bamberg (Dom), Passau (Dom), in den Domen von Gy\u00f6r (Ungarn) und Oradea (Rum\u00e4nien) sowie in Daegu (S\u00fcdkorea), wo er an der dortigen Universit\u00e4t auch einen Meisterkurs gab.<\/p>\n<p>Neben seiner Konzertt\u00e4tigkeit mit Orgel, Klavier und Cembalo ist er als Autor und Herausgeber t\u00e4tig sowie als Orgel- und Gesangsp\u00e4dagoge, h\u00e4lt Vortr\u00e4ge und erstellt wissenschaftliche Werkeinf\u00fchrungen und Konzertrezensionen.<\/p>\n<p>Er ist 1. Vorsitzender des Stiftungsrates der Stiftung Eberhard Kraus zur F\u00f6rderung junger Organisten. Sein Rat in Orgelfragen wird nicht nur regional gesch\u00e4tzt. Wolfgang Kraus hat mehrere CDs ver\u00f6ffentlicht mit Aufnahmen als Organist, Klavierbegleiter und Chorleiter.<\/p>\n<p>&nbsp;<\/p>\n<p><u><strong>2. VORSITZENDER:<\/strong><\/u><br \/>\n<strong>Emil Kerzd\u00f6rfer<\/strong><\/p>\n<p><img loading=\"lazy\" decoding=\"async\" class=\"alignnone wp-image-90 size-medium\" src=\"https:\/\/www.mozartgemeinde.de\/wp-content\/uploads\/2016\/02\/E.Kerzdoerfer-206x300.jpg\" width=\"206\" height=\"300\" srcset=\"https:\/\/www.mozartgemeinde.de\/wp-content\/uploads\/2016\/02\/E.Kerzdoerfer-206x300.jpg 206w, https:\/\/www.mozartgemeinde.de\/wp-content\/uploads\/2016\/02\/E.Kerzdoerfer.jpg 494w\" sizes=\"auto, (max-width: 206px) 100vw, 206px\" \/><\/p>\n<p>&nbsp;<\/p>\n<p><u><strong>Schatzmeister:<\/strong><\/u><br \/>\n<b>Franz Pl\u00f6\u00dfl<br \/>\n<\/b><\/p>\n<p>&nbsp;<\/p>\n<p><u><strong>Schriftf\u00fchrer:<\/strong><\/u><br \/>\n<strong>Martina Wunner<\/strong><\/p>\n","protected":false},"excerpt":{"rendered":"<p>1. VORSITZENDER: Wolfgang Kraus: Ehemaliger Regensburger Domspatz, im Konzertchor unter Domkapellmeister Georg Ratzinger viele Konzertreisen im In- und Ausland. Nach dem Abitur Kirchenmusikstudium mit Abschluss Kirchenmusik-B-Diplom an der Fachakademie f\u00fcr katholische Kirchenmusik (jetzt Hochschule) in Regensburg. K\u00fcnstlerisches Aufbaustudium in Orgel an der Musikhochschule Stuttgart mit Abschluss KA-Orgel. Studium an der Universit\u00e4t Regensburg in den F\u00e4chern\u2026 <span class=\"read-more\"><a href=\"https:\/\/www.mozartgemeinde.de\/?page_id=30\">Weiterlesen &raquo;<\/a><\/span><\/p>\n","protected":false},"author":1,"featured_media":0,"parent":0,"menu_order":0,"comment_status":"closed","ping_status":"closed","template":"","meta":{"footnotes":""},"class_list":["post-30","page","type-page","status-publish","hentry"],"_links":{"self":[{"href":"https:\/\/www.mozartgemeinde.de\/index.php?rest_route=\/wp\/v2\/pages\/30","targetHints":{"allow":["GET"]}}],"collection":[{"href":"https:\/\/www.mozartgemeinde.de\/index.php?rest_route=\/wp\/v2\/pages"}],"about":[{"href":"https:\/\/www.mozartgemeinde.de\/index.php?rest_route=\/wp\/v2\/types\/page"}],"author":[{"embeddable":true,"href":"https:\/\/www.mozartgemeinde.de\/index.php?rest_route=\/wp\/v2\/users\/1"}],"replies":[{"embeddable":true,"href":"https:\/\/www.mozartgemeinde.de\/index.php?rest_route=%2Fwp%2Fv2%2Fcomments&post=30"}],"version-history":[{"count":8,"href":"https:\/\/www.mozartgemeinde.de\/index.php?rest_route=\/wp\/v2\/pages\/30\/revisions"}],"predecessor-version":[{"id":105,"href":"https:\/\/www.mozartgemeinde.de\/index.php?rest_route=\/wp\/v2\/pages\/30\/revisions\/105"}],"wp:attachment":[{"href":"https:\/\/www.mozartgemeinde.de\/index.php?rest_route=%2Fwp%2Fv2%2Fmedia&parent=30"}],"curies":[{"name":"wp","href":"https:\/\/api.w.org\/{rel}","templated":true}]}}