{"id":35,"date":"2016-02-23T18:21:14","date_gmt":"2016-02-23T17:21:14","guid":{"rendered":"http:\/\/mozartgemeinde.de\/wordpress_6\/?page_id=35"},"modified":"2017-01-11T00:54:27","modified_gmt":"2017-01-10T23:54:27","slug":"impressum","status":"publish","type":"page","link":"https:\/\/www.mozartgemeinde.de\/?page_id=35","title":{"rendered":"Impressum"},"content":{"rendered":"<p>&nbsp;<\/p>\n<p><strong>Mozartgemeinde Regensburg e.V.<\/strong><\/p>\n<p>Karthauser Stra\u00dfe 3<br \/>\n93051 Regensburg<\/p>\n<p>&nbsp;<\/p>\n<p><strong>Vertreten durch den 1. Vorsitzenden:<\/strong><\/p>\n<p>Wolfgang Kraus<br \/>\nKarthauser Stra\u00dfe 3<br \/>\n93051 Regensburg<br \/>\nTel: 09973\/3165<br \/>\nFax: 0941\/90233<\/p>\n<p>&nbsp;<\/p>\n<p>Die Mozartgemeinde Regensburg e.V. ist beim Amtsgericht Regensburg als gemeinn\u00fctziger Verein registriert.<\/p>\n<p>Inhaltlich Verantwortlicher gem\u00e4\u00df \u00a7 55 Abs. 2 RStV: Wolfgang Kraus<\/p>\n<p>Haftungshinweis: Trotz sorgf\u00e4ltiger inhaltlicher Kontrolle \u00fcbernehmen wir keine Haftung f\u00fcr die<br \/>\nInhalte externer Links. F\u00fcr den Inhalt der verlinkten Seiten sind ausschlie\u00dflich deren<br \/>\nBetreiber verantwortlich.<\/p>\n","protected":false},"excerpt":{"rendered":"<p>&nbsp; Mozartgemeinde Regensburg e.V. Karthauser Stra\u00dfe 3 93051 Regensburg &nbsp; Vertreten durch den 1. Vorsitzenden: Wolfgang Kraus Karthauser Stra\u00dfe 3 93051 Regensburg Tel: 09973\/3165 Fax: 0941\/90233 &nbsp; Die Mozartgemeinde Regensburg e.V. ist beim Amtsgericht Regensburg als gemeinn\u00fctziger Verein registriert. Inhaltlich Verantwortlicher gem\u00e4\u00df \u00a7 55 Abs. 2 RStV: Wolfgang Kraus Haftungshinweis: Trotz sorgf\u00e4ltiger inhaltlicher Kontrolle \u00fcbernehmen\u2026 <span class=\"read-more\"><a href=\"https:\/\/www.mozartgemeinde.de\/?page_id=35\">Weiterlesen &raquo;<\/a><\/span><\/p>\n","protected":false},"author":1,"featured_media":0,"parent":0,"menu_order":0,"comment_status":"closed","ping_status":"closed","template":"","meta":{"footnotes":""},"class_list":["post-35","page","type-page","status-publish","hentry"],"_links":{"self":[{"href":"https:\/\/www.mozartgemeinde.de\/index.php?rest_route=\/wp\/v2\/pages\/35","targetHints":{"allow":["GET"]}}],"collection":[{"href":"https:\/\/www.mozartgemeinde.de\/index.php?rest_route=\/wp\/v2\/pages"}],"about":[{"href":"https:\/\/www.mozartgemeinde.de\/index.php?rest_route=\/wp\/v2\/types\/page"}],"author":[{"embeddable":true,"href":"https:\/\/www.mozartgemeinde.de\/index.php?rest_route=\/wp\/v2\/users\/1"}],"replies":[{"embeddable":true,"href":"https:\/\/www.mozartgemeinde.de\/index.php?rest_route=%2Fwp%2Fv2%2Fcomments&post=35"}],"version-history":[{"count":7,"href":"https:\/\/www.mozartgemeinde.de\/index.php?rest_route=\/wp\/v2\/pages\/35\/revisions"}],"predecessor-version":[{"id":98,"href":"https:\/\/www.mozartgemeinde.de\/index.php?rest_route=\/wp\/v2\/pages\/35\/revisions\/98"}],"wp:attachment":[{"href":"https:\/\/www.mozartgemeinde.de\/index.php?rest_route=%2Fwp%2Fv2%2Fmedia&parent=35"}],"curies":[{"name":"wp","href":"https:\/\/api.w.org\/{rel}","templated":true}]}}