{"id":64,"date":"2016-12-15T10:35:28","date_gmt":"2016-12-15T09:35:28","guid":{"rendered":"http:\/\/www.mozartgemeinde.de\/?page_id=64"},"modified":"2020-01-03T16:36:04","modified_gmt":"2020-01-03T15:36:04","slug":"veranstaltungen","status":"publish","type":"page","link":"https:\/\/www.mozartgemeinde.de\/?page_id=64","title":{"rendered":"Veranstaltungen"},"content":{"rendered":"<p><strong>Liebe Mitglieder der Mozartgemeinde,<\/strong><\/p>\n<p>sehr herzlich darf ich Sie einladen zum n\u00e4chsten Konzert des Collegium musicum Regensburg, das auch wieder von der Mozartgemeinde Regensburg e.V. unterst\u00fctzt wird. Gem\u00e4\u00df unserer Satzung f\u00f6rdern wir ja andere Regensburger Musikvereinigungen. Weil das Konzert von der Mozartgemeinde mitgetragen wird, ist der Eintritt zu diesem Konzert f\u00fcr Mitglieder der Mozartgemeinde frei. Freuen Sie sich also auf zwei Trompeter der Spitzenklasse. Herzliche Gr\u00fc\u00dfe!<\/p>\n<p><em><strong>Wolfgang Kraus<\/strong><\/em><\/p>\n<p><img loading=\"lazy\" decoding=\"async\" class=\"alignnone size-medium wp-image-113 aligncenter\" src=\"https:\/\/www.mozartgemeinde.de\/wp-content\/uploads\/2019\/07\/Wolfgang-Kraus-IMG_6695-Freistadt-2017-klein-225x300.jpg\" alt=\"\" width=\"225\" height=\"300\" srcset=\"https:\/\/www.mozartgemeinde.de\/wp-content\/uploads\/2019\/07\/Wolfgang-Kraus-IMG_6695-Freistadt-2017-klein-225x300.jpg 225w, https:\/\/www.mozartgemeinde.de\/wp-content\/uploads\/2019\/07\/Wolfgang-Kraus-IMG_6695-Freistadt-2017-klein.jpg 300w\" sizes=\"auto, (max-width: 225px) 100vw, 225px\" \/><\/p>\n<hr \/>\n\n\n<figure class=\"wp-block-image size-large\"><img loading=\"lazy\" decoding=\"async\" width=\"800\" height=\"827\" src=\"http:\/\/www.mozartgemeinde.de\/wp-content\/uploads\/2020\/01\/Mozartgemeinde-Konzert1.jpg\" alt=\"\" class=\"wp-image-123\" srcset=\"https:\/\/www.mozartgemeinde.de\/wp-content\/uploads\/2020\/01\/Mozartgemeinde-Konzert1.jpg 800w, https:\/\/www.mozartgemeinde.de\/wp-content\/uploads\/2020\/01\/Mozartgemeinde-Konzert1-290x300.jpg 290w, https:\/\/www.mozartgemeinde.de\/wp-content\/uploads\/2020\/01\/Mozartgemeinde-Konzert1-768x794.jpg 768w, https:\/\/www.mozartgemeinde.de\/wp-content\/uploads\/2020\/01\/Mozartgemeinde-Konzert1-660x682.jpg 660w\" sizes=\"auto, (max-width: 800px) 100vw, 800px\" \/><\/figure>\n\n\n\n<figure class=\"wp-block-image size-large\"><img loading=\"lazy\" decoding=\"async\" width=\"800\" height=\"337\" src=\"http:\/\/www.mozartgemeinde.de\/wp-content\/uploads\/2020\/01\/Mozartgemeinde-Konzert2-1.jpg\" alt=\"\" class=\"wp-image-127\" srcset=\"https:\/\/www.mozartgemeinde.de\/wp-content\/uploads\/2020\/01\/Mozartgemeinde-Konzert2-1.jpg 800w, https:\/\/www.mozartgemeinde.de\/wp-content\/uploads\/2020\/01\/Mozartgemeinde-Konzert2-1-300x126.jpg 300w, https:\/\/www.mozartgemeinde.de\/wp-content\/uploads\/2020\/01\/Mozartgemeinde-Konzert2-1-768x324.jpg 768w, https:\/\/www.mozartgemeinde.de\/wp-content\/uploads\/2020\/01\/Mozartgemeinde-Konzert2-1-660x278.jpg 660w\" sizes=\"auto, (max-width: 800px) 100vw, 800px\" \/><\/figure>\n","protected":false},"excerpt":{"rendered":"<p>Liebe Mitglieder der Mozartgemeinde, sehr herzlich darf ich Sie einladen zum n\u00e4chsten Konzert des Collegium musicum Regensburg, das auch wieder von der Mozartgemeinde Regensburg e.V. unterst\u00fctzt wird. Gem\u00e4\u00df unserer Satzung f\u00f6rdern wir ja andere Regensburger Musikvereinigungen. Weil das Konzert von der Mozartgemeinde mitgetragen wird, ist der Eintritt zu diesem Konzert f\u00fcr Mitglieder der Mozartgemeinde frei.\u2026 <span class=\"read-more\"><a href=\"https:\/\/www.mozartgemeinde.de\/?page_id=64\">Weiterlesen &raquo;<\/a><\/span><\/p>\n","protected":false},"author":1,"featured_media":0,"parent":0,"menu_order":0,"comment_status":"closed","ping_status":"closed","template":"","meta":{"footnotes":""},"class_list":["post-64","page","type-page","status-publish","hentry"],"_links":{"self":[{"href":"https:\/\/www.mozartgemeinde.de\/index.php?rest_route=\/wp\/v2\/pages\/64","targetHints":{"allow":["GET"]}}],"collection":[{"href":"https:\/\/www.mozartgemeinde.de\/index.php?rest_route=\/wp\/v2\/pages"}],"about":[{"href":"https:\/\/www.mozartgemeinde.de\/index.php?rest_route=\/wp\/v2\/types\/page"}],"author":[{"embeddable":true,"href":"https:\/\/www.mozartgemeinde.de\/index.php?rest_route=\/wp\/v2\/users\/1"}],"replies":[{"embeddable":true,"href":"https:\/\/www.mozartgemeinde.de\/index.php?rest_route=%2Fwp%2Fv2%2Fcomments&post=64"}],"version-history":[{"count":26,"href":"https:\/\/www.mozartgemeinde.de\/index.php?rest_route=\/wp\/v2\/pages\/64\/revisions"}],"predecessor-version":[{"id":128,"href":"https:\/\/www.mozartgemeinde.de\/index.php?rest_route=\/wp\/v2\/pages\/64\/revisions\/128"}],"wp:attachment":[{"href":"https:\/\/www.mozartgemeinde.de\/index.php?rest_route=%2Fwp%2Fv2%2Fmedia&parent=64"}],"curies":[{"name":"wp","href":"https:\/\/api.w.org\/{rel}","templated":true}]}}